{"id":133,"date":"2017-01-21T19:12:42","date_gmt":"2017-01-21T19:12:42","guid":{"rendered":"http:\/\/localhost\/mintmines.gov.cc\/?page_id=133"},"modified":"2017-01-21T19:31:27","modified_gmt":"2017-01-21T19:31:27","slug":"cellule-de-suivi-de-la-production-industrielle","status":"publish","type":"page","link":"https:\/\/minmidtcm.com\/fr\/ministry\/central-administration\/department-of-industries\/cellule-de-suivi-de-la-production-industrielle\/","title":{"rendered":"Cellule de Suivi de la Production Industrielle"},"content":{"rendered":"<p>Plac\u00e9e sous l&#8217;autorit\u00e9 d&#8217;un Chef de Cellule, la Cellule de Suivi de la Production Industrielle est charg\u00e9e:<\/p>\n<p>&#8211; de la mise en \u0153uvre et du&#8217; suivi du plan de d\u00e9veloppement de la production industrielle;<\/p>\n<p>&#8211; de l&#8217;organisation et de la mise en \u0153uvre des activit\u00e9s de suivi de la production industrielle nationale;<\/p>\n<p>&#8211; du suivi des outils de production et de l&#8217;orientation des investissements en mati\u00e8re d&#8217;acquisition des \u00e9quipements industriels;<\/p>\n<p>&#8211; de la r\u00e9alisation d&#8217;une cartographie des mati\u00e8res premi\u00e8res et du suivi de la main d&#8217;\u0153uvre industrielle, dans la perspective de l&#8217;information des entreprises de production;<\/p>\n<p>&#8211; de l&#8217;information des entreprises sur les opportunit\u00e9s du march\u00e9, concourant \u00e0 l&#8217;accroissement de la production industrielle;<\/p>\n<p>&#8211;\u00a0du suivi des op\u00e9rations de r\u00e9habilitation et de privatisation des entreprises industrielles des secteurs public et parapublic, en liaison avec les administrations concern\u00e9es,<\/p>\n<p>&#8211; de l&#8217;\u00e9laboration et du suivi de la politique de mise \u00e0 niveau des entreprises nationales pour l&#8217;acc\u00e8s aux march\u00e9s internationaux.<\/p>\n<p>Elle comprend, outre le Chef de Cellule, deux (02) Charg\u00e9s d&#8217;Etudes Assistants.<\/p>\n","protected":false},"excerpt":{"rendered":"<div class=\"mh-excerpt\"><p>Plac\u00e9e sous l&#8217;autorit\u00e9 d&#8217;un Chef de Cellule, la Cellule de Suivi de la Production Industrielle est charg\u00e9e: &#8211; de la mise en \u0153uvre et du&#8217; <a class=\"mh-excerpt-more\" href=\"https:\/\/minmidtcm.com\/fr\/ministry\/central-administration\/department-of-industries\/cellule-de-suivi-de-la-production-industrielle\/\" title=\"Cellule de Suivi de la Production Industrielle\">[More&#8230;]<\/a><\/p>\n<\/div>","protected":false},"author":1,"featured_media":0,"parent":125,"menu_order":0,"comment_status":"closed","ping_status":"closed","template":"","meta":{"footnotes":""},"class_list":["post-133","page","type-page","status-publish","hentry"],"_links":{"self":[{"href":"https:\/\/minmidtcm.com\/fr\/wp-json\/wp\/v2\/pages\/133"}],"collection":[{"href":"https:\/\/minmidtcm.com\/fr\/wp-json\/wp\/v2\/pages"}],"about":[{"href":"https:\/\/minmidtcm.com\/fr\/wp-json\/wp\/v2\/types\/page"}],"author":[{"embeddable":true,"href":"https:\/\/minmidtcm.com\/fr\/wp-json\/wp\/v2\/users\/1"}],"replies":[{"embeddable":true,"href":"https:\/\/minmidtcm.com\/fr\/wp-json\/wp\/v2\/comments?post=133"}],"version-history":[{"count":1,"href":"https:\/\/minmidtcm.com\/fr\/wp-json\/wp\/v2\/pages\/133\/revisions"}],"predecessor-version":[{"id":134,"href":"https:\/\/minmidtcm.com\/fr\/wp-json\/wp\/v2\/pages\/133\/revisions\/134"}],"up":[{"embeddable":true,"href":"https:\/\/minmidtcm.com\/fr\/wp-json\/wp\/v2\/pages\/125"}],"wp:attachment":[{"href":"https:\/\/minmidtcm.com\/fr\/wp-json\/wp\/v2\/media?parent=133"}],"curies":[{"name":"wp","href":"https:\/\/api.w.org\/{rel}","templated":true}]}}