{"id":137,"date":"2017-01-21T19:17:42","date_gmt":"2017-01-21T19:17:42","guid":{"rendered":"http:\/\/localhost\/mintmines.gov.cc\/?page_id=137"},"modified":"2017-01-21T19:17:42","modified_gmt":"2017-01-21T19:17:42","slug":"sous-direction-du-developpement-technologique","status":"publish","type":"page","link":"https:\/\/minmidtcm.com\/fr\/ministry\/central-administration\/department-of-technological-development-industrial-properties\/sous-direction-du-developpement-technologique\/","title":{"rendered":"Sous-direction du D\u00e9veloppement Technologique"},"content":{"rendered":"<p>Plac\u00e9e sous l&#8217;autorit\u00e9 d&#8217;un Sous-directeur, la Sous-direction du D\u00e9veloppement Technologique est charg\u00e9e:<\/p>\n<p>&#8211; du suivi permanent de l&#8217;\u00e9volution des technologies;<\/p>\n<p>&#8211; de la mise en \u0153uvre des mesures incitatives et de soutien en mati\u00e8re de technologie;<\/p>\n<p>&#8211; de l&#8217;orientation et du suivi des programmes de recherche industrielle orient\u00e9s vers la valorisation des mati\u00e8res premi\u00e8res du sous-sol national et d&#8217;origine agricole, foresti\u00e8re, pastorale et halieutique, en liaison avec les secteurs et les organismes de recherche concern\u00e9s;<\/p>\n<p>&#8211;\u00a0\u00a0 de la collecte de la documentation et de la constitution d&#8217;une biblioth\u00e8que en mati\u00e8re de science et technique;<\/p>\n<p>&#8211;\u00a0\u00a0\u00a0 du d\u00e9veloppement du partenariat technologique entre l&#8217;Etat et les secteurs de l&#8217;\u00e9conomie nationale;<\/p>\n<p>&#8211;\u00a0 de la mise en \u0153uvre des actions de coop\u00e9ration avec les organismes internationaux en mati\u00e8re de d\u00e9veloppement technologique et de propri\u00e9t\u00e9 industrielle;<\/p>\n<p>&#8211;\u00a0\u00a0 du suivi de la mise en \u0153uvre de l&#8217;adaptation des technologies import\u00e9es \u00e0 l&#8217;environnement national;<\/p>\n<p>&#8211;\u00a0\u00a0\u00a0 de la promotion et la mise en \u0153uvre des technologies non polluantes dans le secteur industriel national,<\/p>\n<p>&#8211;\u00a0\u00a0\u00a0\u00a0\u00a0 des relations avec les organismes de financement du d\u00e9veloppement technologique, ainsi qu&#8217;avec les organismes de recherche.<\/p>\n<p>Elle comprend:<\/p>\n<p>&#8211; le Service de la Valorisation et de la Vulgarisation;<\/p>\n<p>&#8211; le Service de la Promotion.<\/p>\n<p><strong>Le Service de la Va<\/strong><strong>l<\/strong><strong>orisation et de la Vulgarisation<\/strong><\/p>\n<p>Plac\u00e9 sous l&#8217;autorit\u00e9 d&#8217;un Chef de Service, le Service de la Valorisation et de laVulgarisation est charg\u00e9:<\/p>\n<p>&#8211;\u00a0\u00a0\u00a0 du d\u00e9veloppement de l&#8217;exploitation industrielle des r\u00e9sultats de la science et de la technique et notamment des brevets d&#8217;invention des nationaux;<\/p>\n<p>&#8211;\u00a0\u00a0 de l&#8217;\u00e9valuation et de la vulgarisation des r\u00e9sultats de la science et de la technique, ainsi que des brevets d&#8217;invention,<\/p>\n<p>&#8211;\u00a0\u00a0\u00a0 du suivi des programmes de recherche orient\u00e9e vers la valorisation des mati\u00e8res premi\u00e8res du sous-sol national et d&#8217;origine agricole, foresti\u00e8re, pastorale et halieutique, en liaison avec les secteurs et les organismes de recherche concern\u00e9s.<\/p>\n<p>Il comprend outre le Chef de Service, deux (02) Ing\u00e9nieurs d&#8217;Etudes.<\/p>\n<p><strong>Le Se<\/strong><strong>r<\/strong><strong>vice de la Promotion<\/strong><\/p>\n<p>Plac\u00e9 sous l&#8217;autorit\u00e9 d&#8217;un Chef de Service, le Service de la Promotion est charg\u00e9 de :<\/p>\n<p>&#8211; la mise en \u0153uvre des mesures incitatives et de soutien en mati\u00e8re de technologie;<\/p>\n<p>&#8211;\u00a0\u00a0\u00a0 de l&#8217;information et la sensibilisation des personnes physiques et morales en mati\u00e8re de technologie;<\/p>\n<p>&#8211;\u00a0\u00a0\u00a0 l&#8217;organisation des journ\u00e9es technologiques nationales, symposia, conf\u00e9rences, expositions, foireset toutes autres manifestations de m\u00eame nature, la collecte de la documentation et la constitution d&#8217;une biblioth\u00e8que en mati\u00e8re de science et technique.<\/p>\n<p>Il comprend outre le Chef de Service, deux (02) Ing\u00e9nieurs d&#8217;Etudes.<\/p>\n","protected":false},"excerpt":{"rendered":"<div class=\"mh-excerpt\"><p>Plac\u00e9e sous l&#8217;autorit\u00e9 d&#8217;un Sous-directeur, la Sous-direction du D\u00e9veloppement Technologique est charg\u00e9e: &#8211; du suivi permanent de l&#8217;\u00e9volution des technologies; &#8211; de la mise en <a class=\"mh-excerpt-more\" href=\"https:\/\/minmidtcm.com\/fr\/ministry\/central-administration\/department-of-technological-development-industrial-properties\/sous-direction-du-developpement-technologique\/\" title=\"Sous-direction du D\u00e9veloppement Technologique\">[More&#8230;]<\/a><\/p>\n<\/div>","protected":false},"author":1,"featured_media":0,"parent":135,"menu_order":0,"comment_status":"closed","ping_status":"closed","template":"","meta":{"footnotes":""},"class_list":["post-137","page","type-page","status-publish","hentry"],"_links":{"self":[{"href":"https:\/\/minmidtcm.com\/fr\/wp-json\/wp\/v2\/pages\/137"}],"collection":[{"href":"https:\/\/minmidtcm.com\/fr\/wp-json\/wp\/v2\/pages"}],"about":[{"href":"https:\/\/minmidtcm.com\/fr\/wp-json\/wp\/v2\/types\/page"}],"author":[{"embeddable":true,"href":"https:\/\/minmidtcm.com\/fr\/wp-json\/wp\/v2\/users\/1"}],"replies":[{"embeddable":true,"href":"https:\/\/minmidtcm.com\/fr\/wp-json\/wp\/v2\/comments?post=137"}],"version-history":[{"count":1,"href":"https:\/\/minmidtcm.com\/fr\/wp-json\/wp\/v2\/pages\/137\/revisions"}],"predecessor-version":[{"id":138,"href":"https:\/\/minmidtcm.com\/fr\/wp-json\/wp\/v2\/pages\/137\/revisions\/138"}],"up":[{"embeddable":true,"href":"https:\/\/minmidtcm.com\/fr\/wp-json\/wp\/v2\/pages\/135"}],"wp:attachment":[{"href":"https:\/\/minmidtcm.com\/fr\/wp-json\/wp\/v2\/media?parent=137"}],"curies":[{"name":"wp","href":"https:\/\/api.w.org\/{rel}","templated":true}]}}