{"id":145,"date":"2017-01-21T19:21:53","date_gmt":"2017-01-21T19:21:53","guid":{"rendered":"http:\/\/localhost\/mintmines.gov.cc\/?page_id=145"},"modified":"2017-01-21T19:21:53","modified_gmt":"2017-01-21T19:21:53","slug":"cellule-des-strategies-de-normalisation","status":"publish","type":"page","link":"https:\/\/minmidtcm.com\/fr\/ministry\/central-administration\/department-of-quality-development\/cellule-des-strategies-de-normalisation\/","title":{"rendered":"Cellule des strat\u00e9gies de normalisation"},"content":{"rendered":"<p>Plac\u00e9e sous l&#8217;autorit\u00e9 d&#8217;un Chef de Cellule, la Cellule des strat\u00e9gies de normalisation est charg\u00e9e\u00a0:<\/p>\n<p>&#8211;\u00a0de la d\u00e9finition des priorit\u00e9s du gouvernement en mati\u00e8re d&#8217;\u00e9laboration et d&#8217;application des normes, en liaison avecles administrations et les organismes concern\u00e9s;<\/p>\n<p>&#8211;\u00a0des activit\u00e9s d&#8217;organisation et de coordination de la repr\u00e9sentation des administrations dans les travaux des organismes nationaux et internationaux de normalisation ;<\/p>\n<p>&#8211;\u00a0 des activit\u00e9s de promotion et de d\u00e9veloppement des infrastructures de soutien au syst\u00e8me national de normalisation, en liaison avec les administrations et les organismes concern\u00e9s;<\/p>\n<p>&#8211; de l&#8217;initiative des m\u00e9canismes, des outils et des strat\u00e9gies appropri\u00e9s pour le financement de la normalisation et de la qualit\u00e9.<\/p>\n<p>Elle comprend, outre la Chef de Cellule, deux (02) charg\u00e9s d&#8217;Etudes<\/p>\n","protected":false},"excerpt":{"rendered":"<div class=\"mh-excerpt\"><p>Plac\u00e9e sous l&#8217;autorit\u00e9 d&#8217;un Chef de Cellule, la Cellule des strat\u00e9gies de normalisation est charg\u00e9e\u00a0: &#8211;\u00a0de la d\u00e9finition des priorit\u00e9s du gouvernement en mati\u00e8re d&#8217;\u00e9laboration <a class=\"mh-excerpt-more\" href=\"https:\/\/minmidtcm.com\/fr\/ministry\/central-administration\/department-of-quality-development\/cellule-des-strategies-de-normalisation\/\" title=\"Cellule des strat\u00e9gies de normalisation\">[More&#8230;]<\/a><\/p>\n<\/div>","protected":false},"author":1,"featured_media":0,"parent":143,"menu_order":0,"comment_status":"closed","ping_status":"closed","template":"","meta":{"footnotes":""},"class_list":["post-145","page","type-page","status-publish","hentry"],"_links":{"self":[{"href":"https:\/\/minmidtcm.com\/fr\/wp-json\/wp\/v2\/pages\/145"}],"collection":[{"href":"https:\/\/minmidtcm.com\/fr\/wp-json\/wp\/v2\/pages"}],"about":[{"href":"https:\/\/minmidtcm.com\/fr\/wp-json\/wp\/v2\/types\/page"}],"author":[{"embeddable":true,"href":"https:\/\/minmidtcm.com\/fr\/wp-json\/wp\/v2\/users\/1"}],"replies":[{"embeddable":true,"href":"https:\/\/minmidtcm.com\/fr\/wp-json\/wp\/v2\/comments?post=145"}],"version-history":[{"count":1,"href":"https:\/\/minmidtcm.com\/fr\/wp-json\/wp\/v2\/pages\/145\/revisions"}],"predecessor-version":[{"id":146,"href":"https:\/\/minmidtcm.com\/fr\/wp-json\/wp\/v2\/pages\/145\/revisions\/146"}],"up":[{"embeddable":true,"href":"https:\/\/minmidtcm.com\/fr\/wp-json\/wp\/v2\/pages\/143"}],"wp:attachment":[{"href":"https:\/\/minmidtcm.com\/fr\/wp-json\/wp\/v2\/media?parent=145"}],"curies":[{"name":"wp","href":"https:\/\/api.w.org\/{rel}","templated":true}]}}