{"id":149,"date":"2017-01-21T19:25:19","date_gmt":"2017-01-21T19:25:19","guid":{"rendered":"http:\/\/localhost\/mintmines.gov.cc\/?page_id=149"},"modified":"2017-01-21T19:25:19","modified_gmt":"2017-01-21T19:25:19","slug":"cellule-des-etudes-et-des-statistiques","status":"publish","type":"page","link":"https:\/\/minmidtcm.com\/fr\/ministry\/central-administration\/division-of-studies-projects-and-cooperation\/cellule-des-etudes-et-des-statistiques\/","title":{"rendered":"Cellule des Etudes et des Statistiques"},"content":{"rendered":"<p>Plac\u00e9e sous l&#8217;autorit\u00e9 d&#8217;un Chef de Cellule, la Cellule des Etudes et des Statistiques est charg\u00e9e:<\/p>\n<p>&#8211;\u00a0de l&#8217;\u00e9laboration et du suivi-\u00e9valuation de la mise en oeuvre de la strat\u00e9gie sectorielle en mati\u00e8re mini\u00e8re, industrielle et technologique;<\/p>\n<p>&#8211; du cadrage macro\u00e9conomique \u00e0 court et \u00e0 moyen terme des secteurs minier, industriel et technologique, ainsi que du suivi de leur contribution au PIS du pays;<\/p>\n<p>&#8211;\u00a0\u00a0\u00a0\u00a0\u00a0 de la r\u00e9alisation de toute \u00e9tude prospective en mati\u00e8re mini\u00e8re, industrielle et technologique;<\/p>\n<p>&#8211;\u00a0de la collecte aupr\u00e8s des directions techniques et de l&#8217;analyse des statistiques industrielles, mini\u00e8res et technologiques;<\/p>\n<p>&#8211; du traitement, de la conservation et de la diffusion des donn\u00e9es statistiques;<\/p>\n<p>&#8211; de la mise en place des banques et bases de donn\u00e9es statistiques.<\/p>\n<p>Elle comprend, outre le Chef de Cellule, deux (02) Charg\u00e9s d&#8217;Etudes<\/p>\n","protected":false},"excerpt":{"rendered":"<div class=\"mh-excerpt\"><p>Plac\u00e9e sous l&#8217;autorit\u00e9 d&#8217;un Chef de Cellule, la Cellule des Etudes et des Statistiques est charg\u00e9e: &#8211;\u00a0de l&#8217;\u00e9laboration et du suivi-\u00e9valuation de la mise en <a class=\"mh-excerpt-more\" href=\"https:\/\/minmidtcm.com\/fr\/ministry\/central-administration\/division-of-studies-projects-and-cooperation\/cellule-des-etudes-et-des-statistiques\/\" title=\"Cellule des Etudes et des Statistiques\">[More&#8230;]<\/a><\/p>\n<\/div>","protected":false},"author":1,"featured_media":0,"parent":147,"menu_order":0,"comment_status":"closed","ping_status":"closed","template":"","meta":{"footnotes":""},"class_list":["post-149","page","type-page","status-publish","hentry"],"_links":{"self":[{"href":"https:\/\/minmidtcm.com\/fr\/wp-json\/wp\/v2\/pages\/149"}],"collection":[{"href":"https:\/\/minmidtcm.com\/fr\/wp-json\/wp\/v2\/pages"}],"about":[{"href":"https:\/\/minmidtcm.com\/fr\/wp-json\/wp\/v2\/types\/page"}],"author":[{"embeddable":true,"href":"https:\/\/minmidtcm.com\/fr\/wp-json\/wp\/v2\/users\/1"}],"replies":[{"embeddable":true,"href":"https:\/\/minmidtcm.com\/fr\/wp-json\/wp\/v2\/comments?post=149"}],"version-history":[{"count":1,"href":"https:\/\/minmidtcm.com\/fr\/wp-json\/wp\/v2\/pages\/149\/revisions"}],"predecessor-version":[{"id":150,"href":"https:\/\/minmidtcm.com\/fr\/wp-json\/wp\/v2\/pages\/149\/revisions\/150"}],"up":[{"embeddable":true,"href":"https:\/\/minmidtcm.com\/fr\/wp-json\/wp\/v2\/pages\/147"}],"wp:attachment":[{"href":"https:\/\/minmidtcm.com\/fr\/wp-json\/wp\/v2\/media?parent=149"}],"curies":[{"name":"wp","href":"https:\/\/api.w.org\/{rel}","templated":true}]}}