{"id":153,"date":"2017-01-21T19:27:58","date_gmt":"2017-01-21T19:27:58","guid":{"rendered":"http:\/\/localhost\/mintmines.gov.cc\/?page_id=153"},"modified":"2017-01-21T19:27:58","modified_gmt":"2017-01-21T19:27:58","slug":"cellule-de-la-cooperation-et-du-developpement","status":"publish","type":"page","link":"https:\/\/minmidtcm.com\/fr\/ministry\/central-administration\/division-of-studies-projects-and-cooperation\/cellule-de-la-cooperation-et-du-developpement\/","title":{"rendered":"Cellule de la Coop\u00e9ration et du D\u00e9veloppement"},"content":{"rendered":"<p>Plac\u00e9e sous l&#8217;autorit\u00e9 d&#8217;un Chef de Cellule, la Cellule de la Coop\u00e9ration et du D\u00e9veloppement est charg\u00e9e:<\/p>\n<p>&#8211;\u00a0 de la structuration et la mise en \u0153uvre du partenariat public-priv\u00e9 dans les domaines relevant du Minist\u00e8re;<\/p>\n<p>&#8211;\u00a0 du suivi des activit\u00e9s de coop\u00e9ration bilat\u00e9rale et multilat\u00e9rale en mati\u00e8re mini\u00e8re, industrielle et de d\u00e9veloppement technologique;<\/p>\n<p>&#8211;\u00a0 de la pr\u00e9paration, de la n\u00e9gociation et du suivi de l&#8217;ex\u00e9cution des contrats et des conventions sign\u00e9s avec les partenaires, dans le cadre de la mise en \u0153uvre des projets et programmes;<\/p>\n<p>&#8211;\u00a0 du suivi de l&#8217;ex\u00e9cution des programmes d&#8217;aide et de coop\u00e9ration internationale dans les domaines des mines, de l&#8217;industrie et du d\u00e9veloppement technologique,<\/p>\n<p>&#8211;\u00a0 de la n\u00e9gociation des accords et conventions dans les secteurs relevant du Minist\u00e8re, en liaison avec les administrations et organismes concern\u00e9s.<\/p>\n<p>Elle comprend, outre le Chef de Cellule, deux (02) Charg\u00e9s d&#8217;Etudes Assistants.<\/p>\n","protected":false},"excerpt":{"rendered":"<div class=\"mh-excerpt\"><p>Plac\u00e9e sous l&#8217;autorit\u00e9 d&#8217;un Chef de Cellule, la Cellule de la Coop\u00e9ration et du D\u00e9veloppement est charg\u00e9e: &#8211;\u00a0 de la structuration et la mise en <a class=\"mh-excerpt-more\" href=\"https:\/\/minmidtcm.com\/fr\/ministry\/central-administration\/division-of-studies-projects-and-cooperation\/cellule-de-la-cooperation-et-du-developpement\/\" title=\"Cellule de la Coop\u00e9ration et du D\u00e9veloppement\">[More&#8230;]<\/a><\/p>\n<\/div>","protected":false},"author":1,"featured_media":0,"parent":147,"menu_order":0,"comment_status":"closed","ping_status":"closed","template":"","meta":{"footnotes":""},"class_list":["post-153","page","type-page","status-publish","hentry"],"_links":{"self":[{"href":"https:\/\/minmidtcm.com\/fr\/wp-json\/wp\/v2\/pages\/153"}],"collection":[{"href":"https:\/\/minmidtcm.com\/fr\/wp-json\/wp\/v2\/pages"}],"about":[{"href":"https:\/\/minmidtcm.com\/fr\/wp-json\/wp\/v2\/types\/page"}],"author":[{"embeddable":true,"href":"https:\/\/minmidtcm.com\/fr\/wp-json\/wp\/v2\/users\/1"}],"replies":[{"embeddable":true,"href":"https:\/\/minmidtcm.com\/fr\/wp-json\/wp\/v2\/comments?post=153"}],"version-history":[{"count":2,"href":"https:\/\/minmidtcm.com\/fr\/wp-json\/wp\/v2\/pages\/153\/revisions"}],"predecessor-version":[{"id":155,"href":"https:\/\/minmidtcm.com\/fr\/wp-json\/wp\/v2\/pages\/153\/revisions\/155"}],"up":[{"embeddable":true,"href":"https:\/\/minmidtcm.com\/fr\/wp-json\/wp\/v2\/pages\/147"}],"wp:attachment":[{"href":"https:\/\/minmidtcm.com\/fr\/wp-json\/wp\/v2\/media?parent=153"}],"curies":[{"name":"wp","href":"https:\/\/api.w.org\/{rel}","templated":true}]}}