{"id":158,"date":"2017-01-21T19:39:58","date_gmt":"2017-01-21T19:39:58","guid":{"rendered":"http:\/\/localhost\/mintmines.gov.cc\/?page_id=158"},"modified":"2017-01-21T19:39:58","modified_gmt":"2017-01-21T19:39:58","slug":"cellule-de-la-reglementation","status":"publish","type":"page","link":"https:\/\/minmidtcm.com\/fr\/ministry\/central-administration\/division-of-legal-affairs\/cellule-de-la-reglementation\/","title":{"rendered":"Cellule de la R\u00e9glementation"},"content":{"rendered":"<p>Plac\u00e9e sous l&#8217;autorit\u00e9 d&#8217;un Chef de Cellule, la Cellule de la R\u00e9glementation est charg\u00e9e:<\/p>\n<p>&#8211; de toutes les \u00e9tudes relatives \u00e0 la conformit\u00e9 \u00e0 la r\u00e9glementation en vigueur, des textes et actes pris par le Ministre;<\/p>\n<p>&#8211; de l&#8217;\u00e9laboration des projets de textes \u00e0 caract\u00e8re l\u00e9gislatif et r\u00e9glementaire initi\u00e9s par le Minist\u00e8re ou soumis \u00e0 la signature du Ministre, en relation avec les directions techniques concern\u00e9es;<\/p>\n<p>&#8211; de l&#8217;\u00e9laboration des conventions et accords internationaux, en relation avec les directions techniques, les administrations et les organismes concern\u00e9s;<\/p>\n<p>&#8211; des avis juridiques sur les textes normatifs, les accords et conventions soumis \u00e0 l&#8217;examen du Minist\u00e8re;<\/p>\n<p>&#8211; de la production, de la centralisation et de la diffusion des textes r\u00e9glementaires relevant de la comp\u00e9tence du Minist\u00e8re;<\/p>\n<p>&#8211; de la mise \u00e0 jour du r\u00e9pertoire bilingue des textes l\u00e9gislatifs et r\u00e9glementaires, des accords et conventions du domaine de comp\u00e9tence du Minist\u00e8re,<\/p>\n<p>&#8211; de la n\u00e9gociation des accords et conventions dans les secteurs relevant du Minist\u00e8re, en relation avec les directions techniques, les administrations et organismes concern\u00e9s.<\/p>\n<p>Elle comprend, outre le Chef de Cellule, deux (02) Charg\u00e9s d&#8217;Etudes Assistants.<\/p>\n","protected":false},"excerpt":{"rendered":"<div class=\"mh-excerpt\"><p>Plac\u00e9e sous l&#8217;autorit\u00e9 d&#8217;un Chef de Cellule, la Cellule de la R\u00e9glementation est charg\u00e9e: &#8211; de toutes les \u00e9tudes relatives \u00e0 la conformit\u00e9 \u00e0 la <a class=\"mh-excerpt-more\" href=\"https:\/\/minmidtcm.com\/fr\/ministry\/central-administration\/division-of-legal-affairs\/cellule-de-la-reglementation\/\" title=\"Cellule de la R\u00e9glementation\">[More&#8230;]<\/a><\/p>\n<\/div>","protected":false},"author":1,"featured_media":0,"parent":156,"menu_order":0,"comment_status":"closed","ping_status":"closed","template":"","meta":{"footnotes":""},"class_list":["post-158","page","type-page","status-publish","hentry"],"_links":{"self":[{"href":"https:\/\/minmidtcm.com\/fr\/wp-json\/wp\/v2\/pages\/158"}],"collection":[{"href":"https:\/\/minmidtcm.com\/fr\/wp-json\/wp\/v2\/pages"}],"about":[{"href":"https:\/\/minmidtcm.com\/fr\/wp-json\/wp\/v2\/types\/page"}],"author":[{"embeddable":true,"href":"https:\/\/minmidtcm.com\/fr\/wp-json\/wp\/v2\/users\/1"}],"replies":[{"embeddable":true,"href":"https:\/\/minmidtcm.com\/fr\/wp-json\/wp\/v2\/comments?post=158"}],"version-history":[{"count":1,"href":"https:\/\/minmidtcm.com\/fr\/wp-json\/wp\/v2\/pages\/158\/revisions"}],"predecessor-version":[{"id":159,"href":"https:\/\/minmidtcm.com\/fr\/wp-json\/wp\/v2\/pages\/158\/revisions\/159"}],"up":[{"embeddable":true,"href":"https:\/\/minmidtcm.com\/fr\/wp-json\/wp\/v2\/pages\/156"}],"wp:attachment":[{"href":"https:\/\/minmidtcm.com\/fr\/wp-json\/wp\/v2\/media?parent=158"}],"curies":[{"name":"wp","href":"https:\/\/api.w.org\/{rel}","templated":true}]}}