{"id":164,"date":"2017-01-21T19:44:23","date_gmt":"2017-01-21T19:44:23","guid":{"rendered":"http:\/\/localhost\/mintmines.gov.cc\/?page_id=164"},"modified":"2017-01-21T19:44:23","modified_gmt":"2017-01-21T19:44:23","slug":"sigipes-management-project-unit","status":"publish","type":"page","link":"https:\/\/minmidtcm.com\/fr\/ministry\/central-administration\/department-of-general-affairs\/sigipes-management-project-unit\/","title":{"rendered":"SIGIPES Management Project Unit"},"content":{"rendered":"<p>Plac\u00e9e sous l&#8217;autorit\u00e9 d&#8217;un Chef de Cellule, la Cellule de Gestion du Projet SIGIPES est charg\u00e9e de :<\/p>\n<p>&#8211; la centralisation et la mise \u00e0 jour permanente des fichiers \u00e9lectroniques du\u00a0 personnel et de la solde du Minist\u00e8re;<\/p>\n<p>&#8211; la pr\u00e9paration et l&#8217;\u00e9dition des documents de la solde.<\/p>\n","protected":false},"excerpt":{"rendered":"<div class=\"mh-excerpt\"><p>Plac\u00e9e sous l&#8217;autorit\u00e9 d&#8217;un Chef de Cellule, la Cellule de Gestion du Projet SIGIPES est charg\u00e9e de : &#8211; la centralisation et la mise \u00e0 <a class=\"mh-excerpt-more\" href=\"https:\/\/minmidtcm.com\/fr\/ministry\/central-administration\/department-of-general-affairs\/sigipes-management-project-unit\/\" title=\"SIGIPES Management Project Unit\">[More&#8230;]<\/a><\/p>\n<\/div>","protected":false},"author":1,"featured_media":0,"parent":162,"menu_order":0,"comment_status":"closed","ping_status":"closed","template":"","meta":{"footnotes":""},"class_list":["post-164","page","type-page","status-publish","hentry"],"_links":{"self":[{"href":"https:\/\/minmidtcm.com\/fr\/wp-json\/wp\/v2\/pages\/164"}],"collection":[{"href":"https:\/\/minmidtcm.com\/fr\/wp-json\/wp\/v2\/pages"}],"about":[{"href":"https:\/\/minmidtcm.com\/fr\/wp-json\/wp\/v2\/types\/page"}],"author":[{"embeddable":true,"href":"https:\/\/minmidtcm.com\/fr\/wp-json\/wp\/v2\/users\/1"}],"replies":[{"embeddable":true,"href":"https:\/\/minmidtcm.com\/fr\/wp-json\/wp\/v2\/comments?post=164"}],"version-history":[{"count":1,"href":"https:\/\/minmidtcm.com\/fr\/wp-json\/wp\/v2\/pages\/164\/revisions"}],"predecessor-version":[{"id":165,"href":"https:\/\/minmidtcm.com\/fr\/wp-json\/wp\/v2\/pages\/164\/revisions\/165"}],"up":[{"embeddable":true,"href":"https:\/\/minmidtcm.com\/fr\/wp-json\/wp\/v2\/pages\/162"}],"wp:attachment":[{"href":"https:\/\/minmidtcm.com\/fr\/wp-json\/wp\/v2\/media?parent=164"}],"curies":[{"name":"wp","href":"https:\/\/api.w.org\/{rel}","templated":true}]}}