{"id":168,"date":"2017-01-21T19:47:54","date_gmt":"2017-01-21T19:47:54","guid":{"rendered":"http:\/\/localhost\/mintmines.gov.cc\/?page_id=168"},"modified":"2017-01-21T19:47:54","modified_gmt":"2017-01-21T19:47:54","slug":"regional-delegations","status":"publish","type":"page","link":"https:\/\/minmidtcm.com\/fr\/ministry\/decentralized-services\/regional-delegations\/","title":{"rendered":"Regional Delegations"},"content":{"rendered":"<p>Plac\u00e9e sous l&#8217;autorit\u00e9 d&#8217;un D\u00e9l\u00e9gu\u00e9 R\u00e9gional, la D\u00e9l\u00e9gation R\u00e9gionale des Mines, de l&#8217;Industrie et du D\u00e9veloppement Technologique est charg\u00e9e:<\/p>\n<ul>\n<li>de la coordination des activit\u00e9s du Minist\u00e8re dans la R\u00e9gion;<\/li>\n<li>du suivi des activit\u00e9s des Brigades R\u00e9gionales de Contr\u00f4le des Activit\u00e9s Mini\u00e8res;<\/li>\n<li>de l&#8217;assistance des op\u00e9rateurs dans la r\u00e9alisation des projets industriels;<\/li>\n<li>de la promotion des normes et du suivi de leur application, en liaison avec l&#8217;organisme national de normalisation;<\/li>\n<li>du suivi au niveau r\u00e9gional, des programmes de recherche orient\u00e9e vers la valorisation des mati\u00e8res premi\u00e8res d&#8217;origine min\u00e9rale, agricole, foresti\u00e8re\u00a0;<\/li>\n<li>de la promotion de la propri\u00e9t\u00e9 industrielle;<\/li>\n<li>de la promotion des brevets d&#8217;invention des nationaux;<\/li>\n<li>du contr\u00f4le technique des projets;<\/li>\n<li>de la gestion du personnel;<\/li>\n<li>de la gestion du budget et du mat\u00e9riel; \u2022<\/li>\n<li>de la tenue de la documentation, des archives et des statistiques;<\/li>\n<li>de la mise en \u0153uvre des activit\u00e9s relatives au cadastre minier.<\/li>\n<\/ul>\n<p>Elle comprend:<\/p>\n<ul>\n<li>le Service des Mines, de la G\u00e9ologie et du Cadastre minier;<\/li>\n<li>le Service de l&#8217;Industrie, du D\u00e9veloppement Technologique et de la Propri\u00e9t\u00e9 Industrielle,<\/li>\n<li>le Service des Affaires G\u00e9n\u00e9rales.<\/li>\n<\/ul>\n","protected":false},"excerpt":{"rendered":"<div class=\"mh-excerpt\"><p>Plac\u00e9e sous l&#8217;autorit\u00e9 d&#8217;un D\u00e9l\u00e9gu\u00e9 R\u00e9gional, la D\u00e9l\u00e9gation R\u00e9gionale des Mines, de l&#8217;Industrie et du D\u00e9veloppement Technologique est charg\u00e9e: de la coordination des activit\u00e9s du <a class=\"mh-excerpt-more\" href=\"https:\/\/minmidtcm.com\/fr\/ministry\/decentralized-services\/regional-delegations\/\" title=\"Regional Delegations\">[More&#8230;]<\/a><\/p>\n<\/div>","protected":false},"author":1,"featured_media":0,"parent":166,"menu_order":0,"comment_status":"closed","ping_status":"closed","template":"","meta":{"footnotes":""},"class_list":["post-168","page","type-page","status-publish","hentry"],"_links":{"self":[{"href":"https:\/\/minmidtcm.com\/fr\/wp-json\/wp\/v2\/pages\/168"}],"collection":[{"href":"https:\/\/minmidtcm.com\/fr\/wp-json\/wp\/v2\/pages"}],"about":[{"href":"https:\/\/minmidtcm.com\/fr\/wp-json\/wp\/v2\/types\/page"}],"author":[{"embeddable":true,"href":"https:\/\/minmidtcm.com\/fr\/wp-json\/wp\/v2\/users\/1"}],"replies":[{"embeddable":true,"href":"https:\/\/minmidtcm.com\/fr\/wp-json\/wp\/v2\/comments?post=168"}],"version-history":[{"count":1,"href":"https:\/\/minmidtcm.com\/fr\/wp-json\/wp\/v2\/pages\/168\/revisions"}],"predecessor-version":[{"id":169,"href":"https:\/\/minmidtcm.com\/fr\/wp-json\/wp\/v2\/pages\/168\/revisions\/169"}],"up":[{"embeddable":true,"href":"https:\/\/minmidtcm.com\/fr\/wp-json\/wp\/v2\/pages\/166"}],"wp:attachment":[{"href":"https:\/\/minmidtcm.com\/fr\/wp-json\/wp\/v2\/media?parent=168"}],"curies":[{"name":"wp","href":"https:\/\/api.w.org\/{rel}","templated":true}]}}