{"id":170,"date":"2017-01-21T19:48:43","date_gmt":"2017-01-21T19:48:43","guid":{"rendered":"http:\/\/localhost\/mintmines.gov.cc\/?page_id=170"},"modified":"2017-01-21T19:48:43","modified_gmt":"2017-01-21T19:48:43","slug":"divisional-delegations","status":"publish","type":"page","link":"https:\/\/minmidtcm.com\/fr\/ministry\/decentralized-services\/divisional-delegations\/","title":{"rendered":"Divisional Delegations"},"content":{"rendered":"<p>Plac\u00e9e sous l&#8217;autorit\u00e9 d&#8217;un D\u00e9l\u00e9gu\u00e9 D\u00e9partemental, la D\u00e9l\u00e9gation D\u00e9partementale des Mines, de l&#8217;Industrie et du D\u00e9veloppement Technologique est charg\u00e9e:<\/p>\n<ul>\n<li>de la coordination et du suivi de toutes les activit\u00e9s, projets et programmes du Minist\u00e8re dans le D\u00e9partement;<\/li>\n<li>de l&#8217;assistance des op\u00e9rateurs dans la r\u00e9alisation des projets industriels;<\/li>\n<li>du suivi du respect des normes et de l&#8217;accompagnement des entreprises dans a d\u00e9marche qualit\u00e9;<\/li>\n<li>du suivi et de l&#8217;orientation des initiatives de transformations des mati\u00e8res premi\u00e8res agricoles, foresti\u00e8re et mini\u00e8res;<\/li>\n<li>de la promotion des brevets d&#8217;invention des nationaux;<\/li>\n<li>du contr\u00f4le technique des projets;<\/li>\n<li>de la gestion du personnel;<\/li>\n<li>du suivi du respect de la r\u00e9glementation mini\u00e8re, industrielle et technologique;<\/li>\n<li>de la gestion du mat\u00e9riel;<\/li>\n<li>de la tenue de la documentation, des archives et des statistiques.<\/li>\n<\/ul>\n<p>Elle comprend:<\/p>\n<ul>\n<li>la Section des Mines et de la G\u00e9ologie;<\/li>\n<li>la Section de l&#8217;Industrie, du D\u00e9veloppement Technologique et de la Propri\u00e9t\u00e9 Industrielle,<\/li>\n<li>le Bureau des Affaires G\u00e9n\u00e9rales.<\/li>\n<\/ul>\n","protected":false},"excerpt":{"rendered":"<div class=\"mh-excerpt\"><p>Plac\u00e9e sous l&#8217;autorit\u00e9 d&#8217;un D\u00e9l\u00e9gu\u00e9 D\u00e9partemental, la D\u00e9l\u00e9gation D\u00e9partementale des Mines, de l&#8217;Industrie et du D\u00e9veloppement Technologique est charg\u00e9e: de la coordination et du suivi <a class=\"mh-excerpt-more\" href=\"https:\/\/minmidtcm.com\/fr\/ministry\/decentralized-services\/divisional-delegations\/\" title=\"Divisional Delegations\">[More&#8230;]<\/a><\/p>\n<\/div>","protected":false},"author":1,"featured_media":0,"parent":166,"menu_order":1,"comment_status":"closed","ping_status":"closed","template":"","meta":{"footnotes":""},"class_list":["post-170","page","type-page","status-publish","hentry"],"_links":{"self":[{"href":"https:\/\/minmidtcm.com\/fr\/wp-json\/wp\/v2\/pages\/170"}],"collection":[{"href":"https:\/\/minmidtcm.com\/fr\/wp-json\/wp\/v2\/pages"}],"about":[{"href":"https:\/\/minmidtcm.com\/fr\/wp-json\/wp\/v2\/types\/page"}],"author":[{"embeddable":true,"href":"https:\/\/minmidtcm.com\/fr\/wp-json\/wp\/v2\/users\/1"}],"replies":[{"embeddable":true,"href":"https:\/\/minmidtcm.com\/fr\/wp-json\/wp\/v2\/comments?post=170"}],"version-history":[{"count":1,"href":"https:\/\/minmidtcm.com\/fr\/wp-json\/wp\/v2\/pages\/170\/revisions"}],"predecessor-version":[{"id":171,"href":"https:\/\/minmidtcm.com\/fr\/wp-json\/wp\/v2\/pages\/170\/revisions\/171"}],"up":[{"embeddable":true,"href":"https:\/\/minmidtcm.com\/fr\/wp-json\/wp\/v2\/pages\/166"}],"wp:attachment":[{"href":"https:\/\/minmidtcm.com\/fr\/wp-json\/wp\/v2\/media?parent=170"}],"curies":[{"name":"wp","href":"https:\/\/api.w.org\/{rel}","templated":true}]}}