{"id":175,"date":"2017-01-21T19:53:52","date_gmt":"2017-01-21T19:53:52","guid":{"rendered":"http:\/\/localhost\/mintmines.gov.cc\/?page_id=175"},"modified":"2017-01-21T19:53:52","modified_gmt":"2017-01-21T19:53:52","slug":"geological-and-mining-information-centre","status":"publish","type":"page","link":"https:\/\/minmidtcm.com\/fr\/ministry\/related-services\/geological-and-mining-information-centre\/","title":{"rendered":"Geological and Mining Information Centre"},"content":{"rendered":"<p>Plac\u00e9 sous l&#8217;autorit\u00e9 d&#8217;un Chef de Centre, le Centre de l&#8217;Information G\u00e9ologique et Mini\u00e8re est charg\u00e9:<\/p>\n<ul>\n<li>de la collecte, de l&#8217;analyse, de la synth\u00e8se et de la publication des rapports et donn\u00e9es g\u00e9ologiques, miniers, p\u00e9troliers et gaziers;<\/li>\n<li>de la collecte et de la conservation des \u00e9chantillons des roches et des minerais;<\/li>\n<li>de la num\u00e9risation de toute information d&#8217;ordre g\u00e9ologique ou mini\u00e8re;<\/li>\n<li>de l&#8217;\u00e9dition des journaux et des revues sp\u00e9cialis\u00e9s relevant du domaine g\u00e9ologique et minier;<\/li>\n<li>de la reproduction des cartes et documents \u00e0 caract\u00e8re g\u00e9ologique ou minier;<\/li>\n<li>de la centralisation de l&#8217;information g\u00e9ologique et mini\u00e8re \u00e0 l&#8217;\u00e9chelle nation;<\/li>\n<li>de la diffusion des informations g\u00e9ologiques et mini\u00e8res.<\/li>\n<\/ul>\n<p>Il comprend:<\/p>\n<ul>\n<li>le Service de la Promotion G\u00e9ologique et Mini\u00e8re;<\/li>\n<li>le Service de l&#8217;Information G\u00e9ologique et Mini\u00e8re,<\/li>\n<li>le Service de la Documentation et des Archives G\u00e9ologiques et Mini\u00e8res.<\/li>\n<\/ul>\n","protected":false},"excerpt":{"rendered":"<div class=\"mh-excerpt\"><p>Plac\u00e9 sous l&#8217;autorit\u00e9 d&#8217;un Chef de Centre, le Centre de l&#8217;Information G\u00e9ologique et Mini\u00e8re est charg\u00e9: de la collecte, de l&#8217;analyse, de la synth\u00e8se et <a class=\"mh-excerpt-more\" href=\"https:\/\/minmidtcm.com\/fr\/ministry\/related-services\/geological-and-mining-information-centre\/\" title=\"Geological and Mining Information Centre\">[More&#8230;]<\/a><\/p>\n<\/div>","protected":false},"author":1,"featured_media":0,"parent":172,"menu_order":0,"comment_status":"closed","ping_status":"closed","template":"","meta":{"footnotes":""},"class_list":["post-175","page","type-page","status-publish","hentry"],"_links":{"self":[{"href":"https:\/\/minmidtcm.com\/fr\/wp-json\/wp\/v2\/pages\/175"}],"collection":[{"href":"https:\/\/minmidtcm.com\/fr\/wp-json\/wp\/v2\/pages"}],"about":[{"href":"https:\/\/minmidtcm.com\/fr\/wp-json\/wp\/v2\/types\/page"}],"author":[{"embeddable":true,"href":"https:\/\/minmidtcm.com\/fr\/wp-json\/wp\/v2\/users\/1"}],"replies":[{"embeddable":true,"href":"https:\/\/minmidtcm.com\/fr\/wp-json\/wp\/v2\/comments?post=175"}],"version-history":[{"count":1,"href":"https:\/\/minmidtcm.com\/fr\/wp-json\/wp\/v2\/pages\/175\/revisions"}],"predecessor-version":[{"id":176,"href":"https:\/\/minmidtcm.com\/fr\/wp-json\/wp\/v2\/pages\/175\/revisions\/176"}],"up":[{"embeddable":true,"href":"https:\/\/minmidtcm.com\/fr\/wp-json\/wp\/v2\/pages\/172"}],"wp:attachment":[{"href":"https:\/\/minmidtcm.com\/fr\/wp-json\/wp\/v2\/media?parent=175"}],"curies":[{"name":"wp","href":"https:\/\/api.w.org\/{rel}","templated":true}]}}