{"id":177,"date":"2017-01-21T19:54:53","date_gmt":"2017-01-21T19:54:53","guid":{"rendered":"http:\/\/localhost\/mintmines.gov.cc\/?page_id=177"},"modified":"2017-01-21T19:54:53","modified_gmt":"2017-01-21T19:54:53","slug":"industrial-metrology-assays-and-analysis-centre","status":"publish","type":"page","link":"https:\/\/minmidtcm.com\/fr\/ministry\/related-services\/industrial-metrology-assays-and-analysis-centre\/","title":{"rendered":"Industrial Metrology, Assays and Analysis Centre"},"content":{"rendered":"<p>Plac\u00e9 sous l&#8217;autorit\u00e9 d&#8217;un Chef de Centre, le Centre des Analyses, des Essais et de la M\u00e9trologie Industrielle r\u00e9alise les analyses et les essais de toute nature, permettant la promotion des mines, de l&#8217;industrie et du d\u00e9veloppement technologique. Il assure par ailleurs les prestations relatives \u00e0 la m\u00e9trologie industrielle.<\/p>\n<p>A ce titre, il est charg\u00e9:<\/p>\n<ul>\n<li>du d\u00e9veloppement des m\u00e9thodes d&#8217;analyses et des essais des produits;<\/li>\n<li>de l&#8217;expertise des produits et des mat\u00e9riels, \u00e0 la demande des tribunaux, des services publics ou des particuliers;<\/li>\n<li>du suivi de la m\u00e9trologie industrielle, en liaison avec les administrations et les organismes concern\u00e9s;<\/li>\n<li>de la fonte et l&#8217;affinage des m\u00e9taux pr\u00e9cieux, de m\u00eame que de l&#8217;identification et de la tenue des poin\u00e7ons;<\/li>\n<li>de la constitution des donn\u00e9es statistiques du Centre,<\/li>\n<li>de la participation aux activit\u00e9s des organismes internationaux et comit\u00e9ssp\u00e9cialis\u00e9s d&#8217;essais, de caract\u00e9risation et de m\u00e9trologie industrielle, scientifique et technique.<\/li>\n<\/ul>\n<p>Il comprend:<\/p>\n<ul>\n<li>la Section des Analyses des Substances Fluides,<\/li>\n<li>la Section des Essais des Produits Solides.<\/li>\n<\/ul>\n","protected":false},"excerpt":{"rendered":"<div class=\"mh-excerpt\"><p>Plac\u00e9 sous l&#8217;autorit\u00e9 d&#8217;un Chef de Centre, le Centre des Analyses, des Essais et de la M\u00e9trologie Industrielle r\u00e9alise les analyses et les essais de <a class=\"mh-excerpt-more\" href=\"https:\/\/minmidtcm.com\/fr\/ministry\/related-services\/industrial-metrology-assays-and-analysis-centre\/\" title=\"Industrial Metrology, Assays and Analysis Centre\">[More&#8230;]<\/a><\/p>\n<\/div>","protected":false},"author":1,"featured_media":0,"parent":172,"menu_order":1,"comment_status":"closed","ping_status":"closed","template":"","meta":{"footnotes":""},"class_list":["post-177","page","type-page","status-publish","hentry"],"_links":{"self":[{"href":"https:\/\/minmidtcm.com\/fr\/wp-json\/wp\/v2\/pages\/177"}],"collection":[{"href":"https:\/\/minmidtcm.com\/fr\/wp-json\/wp\/v2\/pages"}],"about":[{"href":"https:\/\/minmidtcm.com\/fr\/wp-json\/wp\/v2\/types\/page"}],"author":[{"embeddable":true,"href":"https:\/\/minmidtcm.com\/fr\/wp-json\/wp\/v2\/users\/1"}],"replies":[{"embeddable":true,"href":"https:\/\/minmidtcm.com\/fr\/wp-json\/wp\/v2\/comments?post=177"}],"version-history":[{"count":1,"href":"https:\/\/minmidtcm.com\/fr\/wp-json\/wp\/v2\/pages\/177\/revisions"}],"predecessor-version":[{"id":178,"href":"https:\/\/minmidtcm.com\/fr\/wp-json\/wp\/v2\/pages\/177\/revisions\/178"}],"up":[{"embeddable":true,"href":"https:\/\/minmidtcm.com\/fr\/wp-json\/wp\/v2\/pages\/172"}],"wp:attachment":[{"href":"https:\/\/minmidtcm.com\/fr\/wp-json\/wp\/v2\/media?parent=177"}],"curies":[{"name":"wp","href":"https:\/\/api.w.org\/{rel}","templated":true}]}}