{"id":19,"date":"2017-01-21T13:16:23","date_gmt":"2017-01-21T13:16:23","guid":{"rendered":"http:\/\/localhost\/mintmines.gov.cc\/?page_id=19"},"modified":"2017-01-22T08:59:20","modified_gmt":"2017-01-22T08:59:20","slug":"directory","status":"publish","type":"page","link":"https:\/\/minmidtcm.com\/fr\/directory\/","title":{"rendered":"Directory"},"content":{"rendered":"<p>Search by name\u00a0 <input id=\"name_search\" class=\"input\" name=\"name_search\" type=\"text\" value=\"\" \/><\/p>\n<table id=\"contactMainTable\" border=\"0\" cellspacing=\"0\" cellpadding=\"0\">\n<tbody>\n<tr>\n<td>\n<div id=\"contactMainDivCube\">\n<div>\n<div id=\"contTitle\">Zakariaou Ahmadou<\/div>\n<table id=\"contMiddle\" border=\"0\" cellspacing=\"0\" cellpadding=\"0\">\n<tbody>\n<tr>\n<td><img decoding=\"async\" src=\"http:\/\/minmidt-gov.net\/index.php@option=com_spidercontacts&amp;view=picture&amp;format=raw&amp;tmpl=component&amp;url=components_2Fcom_spidercontacts_2Fimages_2Fnoimage.jpg&amp;width=60&amp;height=60\" \/><\/td>\n<\/tr>\n<\/tbody>\n<\/table>\n<\/div>\n<div id=\"contMore\">More<\/div>\n<\/div>\n<\/td>\n<td>\n<div id=\"contactMainDivCube\">\n<div>\n<div id=\"contTitle\">CARIM Aubin FOTSO<\/div>\n<table id=\"contMiddle\" border=\"0\" cellspacing=\"0\" cellpadding=\"0\">\n<tbody>\n<tr>\n<td><img decoding=\"async\" src=\"http:\/\/minmidt-gov.net\/index.php@option=com_spidercontacts&amp;view=picture&amp;format=raw&amp;tmpl=component&amp;url=components_2Fcom_spidercontacts_2Fimages_2Fnoimage.jpg&amp;width=60&amp;height=60\" \/><\/td>\n<\/tr>\n<\/tbody>\n<\/table>\n<\/div>\n<div id=\"contMore\">More<\/div>\n<\/div>\n<\/td>\n<td>\n<div id=\"contactMainDivCube\">\n<div>\n<div id=\"contTitle\">Eustache BESSALA BEKONO<\/div>\n<table id=\"contMiddle\" border=\"0\" cellspacing=\"0\" cellpadding=\"0\">\n<tbody>\n<tr>\n<td><img decoding=\"async\" src=\"http:\/\/minmidt-gov.net\/index.php@option=com_spidercontacts&amp;view=picture&amp;format=raw&amp;tmpl=component&amp;url=components_2Fcom_spidercontacts_2Fimages_2Fnoimage.jpg&amp;width=60&amp;height=60\" \/><\/td>\n<\/tr>\n<\/tbody>\n<\/table>\n<\/div>\n<div id=\"contMore\">More<\/div>\n<\/div>\n<\/td>\n<td>\n<div id=\"contactMainDivCube\">\n<div>\n<div id=\"contTitle\">Rose Triolet SIMO<\/div>\n<table id=\"contMiddle\" border=\"0\" cellspacing=\"0\" cellpadding=\"0\">\n<tbody>\n<tr>\n<td><img decoding=\"async\" src=\"http:\/\/minmidt-gov.net\/index.php@option=com_spidercontacts&amp;view=picture&amp;format=raw&amp;tmpl=component&amp;url=components_2Fcom_spidercontacts_2Fimages_2Fnoimage.jpg&amp;width=60&amp;height=60\" \/><\/td>\n<\/tr>\n<\/tbody>\n<\/table>\n<\/div>\n<div id=\"contMore\">More<\/div>\n<\/div>\n<\/td>\n<\/tr>\n<tr>\n<td>\n<div id=\"contactMainDivCube\">\n<div>\n<div id=\"contTitle\">Emmanuel Bond\u00e9<\/div>\n<table id=\"contMiddle\" border=\"0\" cellspacing=\"0\" cellpadding=\"0\">\n<tbody>\n<tr>\n<td><a href=\"http:\/\/minmidt-gov.net\/images\/emmanuel%20bonde_minmidt_2.jpg\" target=\"_blank\"><img decoding=\"async\" src=\"http:\/\/minmidt-gov.net\/index.php@option=com_spidercontacts&amp;view=picture&amp;format=raw&amp;tmpl=component&amp;url=images_2Femmanuel%20bonde_minmidt_2.jpg&amp;width=60&amp;height=60\" \/><\/a><\/td>\n<td><\/td>\n<\/tr>\n<\/tbody>\n<\/table>\n<\/div>\n<div id=\"contMore\">More<\/div>\n<\/div>\n<\/td>\n<td>\n<div id=\"contactMainDivCube\">\n<div>\n<div id=\"contTitle\">Gentry FUH CALISTUS<\/div>\n<table id=\"contMiddle\" border=\"0\" cellspacing=\"0\" cellpadding=\"0\">\n<tbody>\n<tr>\n<td><a href=\"http:\/\/minmidt-gov.net\/images\/setat_minmidt_portrait.jpg\" target=\"_blank\"><img decoding=\"async\" src=\"http:\/\/minmidt-gov.net\/index.php@option=com_spidercontacts&amp;view=picture&amp;format=raw&amp;tmpl=component&amp;url=images_2Fsetat_minmidt_portrait.jpg&amp;width=60&amp;height=60\" \/><\/a><\/td>\n<td><\/td>\n<\/tr>\n<\/tbody>\n<\/table>\n<\/div>\n<div id=\"contMore\">More<\/div>\n<\/div>\n<\/td>\n<td>\n<div id=\"contactMainDivCube\">\n<div>\n<div id=\"contTitle\">Edouard EBAH ABADA<\/div>\n<table id=\"contMiddle\" border=\"0\" cellspacing=\"0\" cellpadding=\"0\">\n<tbody>\n<tr>\n<td><a href=\"http:\/\/minmidt-gov.net\/images\/sg_minmidt_portrait.jpg\" target=\"_blank\"><img decoding=\"async\" src=\"http:\/\/minmidt-gov.net\/index.php@option=com_spidercontacts&amp;view=picture&amp;format=raw&amp;tmpl=component&amp;url=images_2Fsg_minmidt_portrait.jpg&amp;width=60&amp;height=60\" \/><\/a><\/td>\n<td><\/td>\n<\/tr>\n<\/tbody>\n<\/table>\n<\/div>\n<div id=\"contMore\">More<\/div>\n<\/div>\n<\/td>\n<td>\n<div id=\"contactMainDivCube\">\n<div>\n<div id=\"contTitle\">Jean Marcel ESSOMBA<\/div>\n<table id=\"contMiddle\" border=\"0\" cellspacing=\"0\" cellpadding=\"0\">\n<tbody>\n<tr>\n<td><a href=\"http:\/\/minmidt-gov.net\/images\/jean-marcel-essomba.jpg\" target=\"_blank\"><img decoding=\"async\" src=\"http:\/\/minmidt-gov.net\/index.php@option=com_spidercontacts&amp;view=picture&amp;format=raw&amp;tmpl=component&amp;url=images_2Fjean-marcel-essomba.jpg&amp;width=60&amp;height=60\" \/><\/a><\/td>\n<td><\/td>\n<\/tr>\n<\/tbody>\n<\/table>\n<\/div>\n<div id=\"contMore\">More<\/div>\n<\/div>\n<\/td>\n<\/tr>\n<tr>\n<td>\n<div id=\"contactMainDivCube\">\n<div>\n<div id=\"contTitle\">Theodore KOULAGNA<\/div>\n<table id=\"contMiddle\" border=\"0\" cellspacing=\"0\" cellpadding=\"0\">\n<tbody>\n<tr>\n<td><img decoding=\"async\" src=\"http:\/\/minmidt-gov.net\/index.php@option=com_spidercontacts&amp;view=picture&amp;format=raw&amp;tmpl=component&amp;url=components_2Fcom_spidercontacts_2Fimages_2Fnoimage.jpg&amp;width=60&amp;height=60\" \/><\/td>\n<\/tr>\n<\/tbody>\n<\/table>\n<\/div>\n<div id=\"contMore\">More<\/div>\n<\/div>\n<\/td>\n<td>\n<div id=\"contactMainDivCube\">\n<div>\n<div id=\"contTitle\">Martin YANKWA<\/div>\n<table id=\"contMiddle\" border=\"0\" cellspacing=\"0\" cellpadding=\"0\">\n<tbody>\n<tr>\n<td><img decoding=\"async\" src=\"http:\/\/minmidt-gov.net\/index.php@option=com_spidercontacts&amp;view=picture&amp;format=raw&amp;tmpl=component&amp;url=components_2Fcom_spidercontacts_2Fimages_2Fnoimage.jpg&amp;width=60&amp;height=60\" \/><\/td>\n<\/tr>\n<\/tbody>\n<\/table>\n<\/div>\n<div id=\"contMore\">More<\/div>\n<\/div>\n<\/td>\n<td>\n<div id=\"contactMainDivCube\">\n<div>\n<div id=\"contTitle\">Jacqueline Nicole Mono Ndjana<\/div>\n<table id=\"contMiddle\" border=\"0\" cellspacing=\"0\" cellpadding=\"0\">\n<tbody>\n<tr>\n<td><img decoding=\"async\" src=\"http:\/\/minmidt-gov.net\/index.php@option=com_spidercontacts&amp;view=picture&amp;format=raw&amp;tmpl=component&amp;url=components_2Fcom_spidercontacts_2Fimages_2Fnoimage.jpg&amp;width=60&amp;height=60\" \/><\/td>\n<\/tr>\n<\/tbody>\n<\/table>\n<\/div>\n<div id=\"contMore\">More<\/div>\n<\/div>\n<\/td>\n<td>\n<div id=\"contactMainDivCube\">\n<div>\n<div id=\"contTitle\">Johnson PENN TICHAA<\/div>\n<table id=\"contMiddle\" border=\"0\" cellspacing=\"0\" cellpadding=\"0\">\n<tbody>\n<tr>\n<td><img decoding=\"async\" src=\"http:\/\/minmidt-gov.net\/index.php@option=com_spidercontacts&amp;view=picture&amp;format=raw&amp;tmpl=component&amp;url=components_2Fcom_spidercontacts_2Fimages_2Fnoimage.jpg&amp;width=60&amp;height=60\" \/><\/td>\n<\/tr>\n<\/tbody>\n<\/table>\n<\/div>\n<div id=\"contMore\">More<\/div>\n<\/div>\n<\/td>\n<\/tr>\n<tr>\n<td>\n<div id=\"contactMainDivCube\">\n<div>\n<div id=\"contTitle\">Th\u00e9r\u00e8se Dieudonn\u00e9e Olomo Belinga<\/div>\n<table id=\"contMiddle\" border=\"0\" cellspacing=\"0\" cellpadding=\"0\">\n<tbody>\n<tr>\n<td><img decoding=\"async\" src=\"http:\/\/minmidt-gov.net\/index.php@option=com_spidercontacts&amp;view=picture&amp;format=raw&amp;tmpl=component&amp;url=components_2Fcom_spidercontacts_2Fimages_2Fnoimage.jpg&amp;width=60&amp;height=60\" \/><\/td>\n<\/tr>\n<\/tbody>\n<\/table>\n<\/div>\n<div id=\"contMore\">More<\/div>\n<\/div>\n<\/td>\n<td>\n<div id=\"contactMainDivCube\">\n<div>\n<div id=\"contTitle\">Polycarpe Ateba<\/div>\n<table id=\"contMiddle\" border=\"0\" cellspacing=\"0\" cellpadding=\"0\">\n<tbody>\n<tr>\n<td><img decoding=\"async\" src=\"http:\/\/minmidt-gov.net\/index.php@option=com_spidercontacts&amp;view=picture&amp;format=raw&amp;tmpl=component&amp;url=components_2Fcom_spidercontacts_2Fimages_2Fnoimage.jpg&amp;width=60&amp;height=60\" \/><\/td>\n<\/tr>\n<\/tbody>\n<\/table>\n<\/div>\n<div id=\"contMore\">More<\/div>\n<\/div>\n<\/td>\n<td>\n<div id=\"contactMainDivCube\">\n<div>\n<div id=\"contTitle\">MOUNDI AMIDOU<\/div>\n<table id=\"contMiddle\" border=\"0\" cellspacing=\"0\" cellpadding=\"0\">\n<tbody>\n<tr>\n<td><img decoding=\"async\" src=\"http:\/\/minmidt-gov.net\/index.php@option=com_spidercontacts&amp;view=picture&amp;format=raw&amp;tmpl=component&amp;url=components_2Fcom_spidercontacts_2Fimages_2Fnoimage.jpg&amp;width=60&amp;height=60\" \/><\/td>\n<\/tr>\n<\/tbody>\n<\/table>\n<\/div>\n<div id=\"contMore\">More<\/div>\n<\/div>\n<\/td>\n<td>\n<div id=\"contactMainDivCube\">\n<div>\n<div id=\"contTitle\">Jean Kisito MVOGO<\/div>\n<table id=\"contMiddle\" border=\"0\" cellspacing=\"0\" cellpadding=\"0\">\n<tbody>\n<tr>\n<td><img decoding=\"async\" src=\"http:\/\/minmidt-gov.net\/index.php@option=com_spidercontacts&amp;view=picture&amp;format=raw&amp;tmpl=component&amp;url=components_2Fcom_spidercontacts_2Fimages_2Fnoimage.jpg&amp;width=60&amp;height=60\" \/><\/td>\n<\/tr>\n<\/tbody>\n<\/table>\n<\/div>\n<div id=\"contMore\">More<\/div>\n<\/div>\n<\/td>\n<\/tr>\n<tr>\n<td>\n<div id=\"contactMainDivCube\">\n<div>\n<div id=\"contTitle\">Th\u00e9ophile NDOUGSA MBARGA<\/div>\n<table id=\"contMiddle\" border=\"0\" cellspacing=\"0\" cellpadding=\"0\">\n<tbody>\n<tr>\n<td><img decoding=\"async\" src=\"http:\/\/minmidt-gov.net\/index.php@option=com_spidercontacts&amp;view=picture&amp;format=raw&amp;tmpl=component&amp;url=components_2Fcom_spidercontacts_2Fimages_2Fnoimage.jpg&amp;width=60&amp;height=60\" \/><\/td>\n<\/tr>\n<\/tbody>\n<\/table>\n<\/div>\n<div id=\"contMore\">More<\/div>\n<\/div>\n<\/td>\n<td>\n<div id=\"contactMainDivCube\">\n<div>\n<div id=\"contTitle\">Magui Ang\u00e8le NNOKO<\/div>\n<table id=\"contMiddle\" border=\"0\" cellspacing=\"0\" cellpadding=\"0\">\n<tbody>\n<tr>\n<td><img decoding=\"async\" src=\"http:\/\/minmidt-gov.net\/index.php@option=com_spidercontacts&amp;view=picture&amp;format=raw&amp;tmpl=component&amp;url=components_2Fcom_spidercontacts_2Fimages_2Fnoimage.jpg&amp;width=60&amp;height=60\" \/><\/td>\n<\/tr>\n<\/tbody>\n<\/table>\n<\/div>\n<div id=\"contMore\">More<\/div>\n<\/div>\n<\/td>\n<td>\n<div id=\"contactMainDivCube\">\n<div>\n<div id=\"contTitle\">Raymond MEKONGO NDANA<\/div>\n<table id=\"contMiddle\" border=\"0\" cellspacing=\"0\" cellpadding=\"0\">\n<tbody>\n<tr>\n<td><img decoding=\"async\" src=\"http:\/\/minmidt-gov.net\/index.php@option=com_spidercontacts&amp;view=picture&amp;format=raw&amp;tmpl=component&amp;url=components_2Fcom_spidercontacts_2Fimages_2Fnoimage.jpg&amp;width=60&amp;height=60\" \/><\/td>\n<\/tr>\n<\/tbody>\n<\/table>\n<\/div>\n<div id=\"contMore\">More<\/div>\n<\/div>\n<\/td>\n<td>\n<div id=\"contactMainDivCube\">\n<div>\n<div id=\"contTitle\">Alvine Mireille DOGOUA ZERI<\/div>\n<table id=\"contMiddle\" border=\"0\" cellspacing=\"0\" cellpadding=\"0\">\n<tbody>\n<tr>\n<td><img decoding=\"async\" src=\"http:\/\/minmidt-gov.net\/index.php@option=com_spidercontacts&amp;view=picture&amp;format=raw&amp;tmpl=component&amp;url=components_2Fcom_spidercontacts_2Fimages_2Fnoimage.jpg&amp;width=60&amp;height=60\" \/><\/td>\n<\/tr>\n<\/tbody>\n<\/table>\n<\/div>\n<\/div>\n<\/td>\n<\/tr>\n<\/tbody>\n<\/table>\n","protected":false},"excerpt":{"rendered":"<div class=\"mh-excerpt\"><p>Search by name\u00a0 Zakariaou Ahmadou More CARIM Aubin FOTSO More Eustache BESSALA BEKONO More Rose Triolet SIMO More Emmanuel Bond\u00e9 More Gentry FUH CALISTUS More <a class=\"mh-excerpt-more\" href=\"https:\/\/minmidtcm.com\/fr\/directory\/\" title=\"Directory\">[More&#8230;]<\/a><\/p>\n<\/div>","protected":false},"author":1,"featured_media":0,"parent":0,"menu_order":7,"comment_status":"closed","ping_status":"closed","template":"","meta":{"footnotes":""},"class_list":["post-19","page","type-page","status-publish","hentry"],"_links":{"self":[{"href":"https:\/\/minmidtcm.com\/fr\/wp-json\/wp\/v2\/pages\/19"}],"collection":[{"href":"https:\/\/minmidtcm.com\/fr\/wp-json\/wp\/v2\/pages"}],"about":[{"href":"https:\/\/minmidtcm.com\/fr\/wp-json\/wp\/v2\/types\/page"}],"author":[{"embeddable":true,"href":"https:\/\/minmidtcm.com\/fr\/wp-json\/wp\/v2\/users\/1"}],"replies":[{"embeddable":true,"href":"https:\/\/minmidtcm.com\/fr\/wp-json\/wp\/v2\/comments?post=19"}],"version-history":[{"count":3,"href":"https:\/\/minmidtcm.com\/fr\/wp-json\/wp\/v2\/pages\/19\/revisions"}],"predecessor-version":[{"id":222,"href":"https:\/\/minmidtcm.com\/fr\/wp-json\/wp\/v2\/pages\/19\/revisions\/222"}],"wp:attachment":[{"href":"https:\/\/minmidtcm.com\/fr\/wp-json\/wp\/v2\/media?parent=19"}],"curies":[{"name":"wp","href":"https:\/\/api.w.org\/{rel}","templated":true}]}}