{"id":205,"date":"2017-01-22T07:33:31","date_gmt":"2017-01-22T07:33:31","guid":{"rendered":"http:\/\/localhost\/mintmines.gov.cc\/?page_id=205"},"modified":"2017-01-22T07:33:31","modified_gmt":"2017-01-22T07:33:31","slug":"national-investments-company-sni","status":"publish","type":"page","link":"https:\/\/minmidtcm.com\/fr\/supervises\/national-investments-company-sni\/","title":{"rendered":"National Investments Company (SNI)"},"content":{"rendered":"<div class=\"item-page\">\n<h2>La Soci\u00e9t\u00e9 Nationale d\u2019Investissement (SNI)<\/h2>\n<ul class=\"actions\">\n<li class=\"print-icon\"><a title=\"Print\" href=\"http:\/\/minmidt-gov.net\/fr\/supervised-organizations\/national-investments-company-sni.html@tmpl=component&amp;print=1&amp;page=\" rel=\"nofollow\"><img decoding=\"async\" src=\"http:\/\/minmidt-gov.net\/media\/system\/images\/printButton.png\" alt=\"Print\" \/><\/a><\/li>\n<li class=\"email-icon\"><a title=\"Email\" href=\"http:\/\/minmidt-gov.net\/en\/component\/mailto\/@tmpl=component&amp;template=minmidt&amp;link=5be5e4fddd8091dac69642815b741a7855081dab\"><img decoding=\"async\" src=\"http:\/\/minmidt-gov.net\/media\/system\/images\/emailButton.png\" alt=\"Email\" \/><\/a><\/li>\n<\/ul>\n<p>La Soci\u00e9t\u00e9 Nationale d\u2019Investissement du Cameroun (SNI), soci\u00e9t\u00e9 \u00e0 capital public avec l\u2019Etat comme actionnaire unique, a pour objet la mobilisation et l\u2019orientation de l\u2019\u00e9pargne nationale et de tout autre moyen financier national et international. <span class=\"sstitre\">Au regard de ses multiples facettes, la SNI se positionne dans l&#8217;environnement camerounais comme : <\/span>une soci\u00e9t\u00e9 qui appuie toutes les strat\u00e9gies et les politiques du gouvernement camerounais en mati\u00e8re \u00e9conomique, industrielle et sociale, mais dont les r\u00e8gles de fonctionnement sont celles d&#8217;une soci\u00e9t\u00e9 anonyme. De plus, elle est assujettie aux obligations de droit commun\u00a0; une soci\u00e9t\u00e9 de capital risque qui prend des participations au capital des entreprises nouvelles ou existantes\u00a0pr\u00e9sentant de bonnes perspectives commerciales et financi\u00e8res\u00a0; un promoteur <span class=\"sstitre\">de projets productifs<\/span> qui initie des projets, les \u00e9tudie, les monte en joint-venture avec des partenaires techniques, financiers ou commerciaux, nationaux ou internationaux pr\u00e9alablement identifi\u00e9s\u00a0; un financier qui apporte son appui aux projets \u00e9conomiquement viables et financi\u00e8rement rentables par l&#8217;octroi de pr\u00eats et\/ou d&#8217;avances en compte-courant actionnaires\u00a0; un <span class=\"sstitre\">instrument d&#8217;appui au secteur priv\u00e9 et un<\/span>facilitateur qui accueille et accompagne les investisseurs, les partenaires techniques et financiers qui la sollicitent, dans la mise en \u0153uvre de leurs projets.<\/p>\n<p class=\"chapo\"><strong>\u00a0\u00a0\u00a0\u00a0\u00a0\u00a0 Objectifs<\/strong><\/p>\n<p class=\"chapo\">La Soci\u00e9t\u00e9 Nationale d\u2019Investissement entend se positionner comme la r\u00e9f\u00e9rence en mati\u00e8re de cr\u00e9ation de la richesse pour le d\u00e9veloppement \u00e9conomique du Cameroun.<\/p>\n<p>C\u2019est dans cette perspective qu\u2019elle a engag\u00e9 depuis quelques ann\u00e9es un vaste processus de relance, de diversification et de modernisation de ses activit\u00e9s. Ce processus enclench\u00e9 en septembre 2003 s\u2019est consolid\u00e9 par l\u2019\u00e9laboration du Plan d\u2019Entreprise de la SNI pour la p\u00e9riode 2005-2010. Il s\u2019agit d\u2019un instrument de gestion destin\u00e9 \u00e0 guider toutes les actions de l\u2019entreprise sur une p\u00e9riode de cinq (05) ans et visant \u00e0 terme \u00e0 positionner la SNI au c\u0153ur de toutes les activit\u00e9s d\u2019investissement au Cameroun.<\/p>\n<p><span class=\"sstitrevert\">Pour impulser ce nouvel \u00e9lan fondateur, une option forte a \u00e9t\u00e9 prise en faveur de la red\u00e9finition de l\u2019identit\u00e9 corporative de la SNI qui s\u2019est traduite par le reprofilage d\u2019une nouvelle Identit\u00e9 Visuelle conforme : <\/span>\u00e0 la vision entrepreneuriale de la SNI, qui est celle de \u00ab se positionner comme la r\u00e9f\u00e9rence en mati\u00e8re de cr\u00e9ation de la richesse pour le d\u00e9veloppement \u00e9conomique du Cameroun \u00bb\u00a0; \u00e0 la mission statutaire de la SNI \u00e0 savoir\u00a0: \u00ab favoriser les <span class=\"texte-normal\">op\u00e9rations <\/span>d\u2019investissement productif \u00e0 haut rendement dans tous les secteurs de l\u2019activit\u00e9 \u00e9conomique nationale et internationale \u00bb.<\/p>\n<\/div>\n","protected":false},"excerpt":{"rendered":"<div class=\"mh-excerpt\"><p>La Soci\u00e9t\u00e9 Nationale d\u2019Investissement (SNI) La Soci\u00e9t\u00e9 Nationale d\u2019Investissement du Cameroun (SNI), soci\u00e9t\u00e9 \u00e0 capital public avec l\u2019Etat comme actionnaire unique, a pour objet la <a class=\"mh-excerpt-more\" href=\"https:\/\/minmidtcm.com\/fr\/supervises\/national-investments-company-sni\/\" title=\"National Investments Company (SNI)\">[More&#8230;]<\/a><\/p>\n<\/div>","protected":false},"author":1,"featured_media":0,"parent":15,"menu_order":0,"comment_status":"closed","ping_status":"closed","template":"","meta":{"footnotes":""},"class_list":["post-205","page","type-page","status-publish","hentry"],"_links":{"self":[{"href":"https:\/\/minmidtcm.com\/fr\/wp-json\/wp\/v2\/pages\/205"}],"collection":[{"href":"https:\/\/minmidtcm.com\/fr\/wp-json\/wp\/v2\/pages"}],"about":[{"href":"https:\/\/minmidtcm.com\/fr\/wp-json\/wp\/v2\/types\/page"}],"author":[{"embeddable":true,"href":"https:\/\/minmidtcm.com\/fr\/wp-json\/wp\/v2\/users\/1"}],"replies":[{"embeddable":true,"href":"https:\/\/minmidtcm.com\/fr\/wp-json\/wp\/v2\/comments?post=205"}],"version-history":[{"count":1,"href":"https:\/\/minmidtcm.com\/fr\/wp-json\/wp\/v2\/pages\/205\/revisions"}],"predecessor-version":[{"id":206,"href":"https:\/\/minmidtcm.com\/fr\/wp-json\/wp\/v2\/pages\/205\/revisions\/206"}],"up":[{"embeddable":true,"href":"https:\/\/minmidtcm.com\/fr\/wp-json\/wp\/v2\/pages\/15"}],"wp:attachment":[{"href":"https:\/\/minmidtcm.com\/fr\/wp-json\/wp\/v2\/media?parent=205"}],"curies":[{"name":"wp","href":"https:\/\/api.w.org\/{rel}","templated":true}]}}