{"id":209,"date":"2017-01-22T07:36:44","date_gmt":"2017-01-22T07:36:44","guid":{"rendered":"http:\/\/localhost\/mintmines.gov.cc\/?page_id=209"},"modified":"2017-01-22T07:36:44","modified_gmt":"2017-01-22T07:36:44","slug":"investment-promotion-agency-api","status":"publish","type":"page","link":"https:\/\/minmidtcm.com\/fr\/supervises\/investment-promotion-agency-api\/","title":{"rendered":"Investment Promotion Agency (API)"},"content":{"rendered":"<div class=\"item-page\">\n<h2>Agence de promotion des investissements<\/h2>\n<ul class=\"actions\">\n<li class=\"print-icon\"><a title=\"Print\" href=\"http:\/\/minmidt-gov.net\/fr\/supervised-organizations\/investment-promotion-agency-api.html@tmpl=component&amp;print=1&amp;page=\" rel=\"nofollow\"><img decoding=\"async\" src=\"http:\/\/minmidt-gov.net\/media\/system\/images\/printButton.png\" alt=\"Print\" \/><\/a><\/li>\n<li class=\"email-icon\"><a title=\"Email\" href=\"http:\/\/minmidt-gov.net\/en\/component\/mailto\/@tmpl=component&amp;template=minmidt&amp;link=b37d0903d56a5a0340eef09e860d9127489998a4\"><img decoding=\"async\" src=\"http:\/\/minmidt-gov.net\/media\/system\/images\/emailButton.png\" alt=\"Email\" \/><\/a><\/li>\n<\/ul>\n<p>Cr\u00e9\u00e9e par D\u00e9cret N\u00b0 2005\/310 du 01 septembre 2005, l\u2019Agence de Promotion des Investissements est un organisme qui assure entre autres fonctions celles d&#8217;un Guichet Unique. D&#8217;une mani\u00e8re g\u00e9n\u00e9rale, elle joue le r\u00f4le d&#8217;interlocuteur entre les administrations qui interviennent dans la promotion des Investissements et les investisseurs.<\/p>\n<p align=\"center\"><strong>Missions<\/strong><\/p>\n<p>L\u2019API est charg\u00e9e de: recevoir et instruire les dossiers de demande d&#8217;agr\u00e9ment \u00e0 l&#8217;un des r\u00e9gimes privil\u00e9gi\u00e9s du Code des Investissements; obtenir les visas requis aupr\u00e8s des Administrations comp\u00e9tentes, y compris les visas n\u00e9cessaires au personnel \u00e9tranger employ\u00e9 dans les entreprises agr\u00e9\u00e9es ; assister les entreprises agr\u00e9\u00e9es dans les autres d\u00e9marches relatives \u00e0 l&#8217;ex\u00e9cution de leur programme d&#8217;investissement; assurer le suivi des entreprises agr\u00e9\u00e9es et le contr\u00f4le des engagements souscrits par elles ; accueillir les investisseurs tant nationaux qu&#8217;\u00e9trangers; promouvoir l\u2019image de marque du Cameroun \u00e0 l\u2019\u00e9tranger\u00a0;participer \u00e0 l\u2019\u00e9tablissement et \u00e0 l\u2019am\u00e9lioration d\u2019un environnement incitatif et favorable aux investissements au Cameroun; proposer toutes mesures susceptibles d\u2019attirer les investisseurs au Cameroun\u00a0; collecter des informations relatives aux diverses opportunit\u00e9s d\u2019investissement au Cameroun et de les diffuser aupr\u00e8s des milieux d\u2019affaires ; mettre en place une banque de donn\u00e9es de projets \u00e0 la disposition des investisseurs\u00a0; accueillir, assister et orienter les investisseurs \u00e9trangers et nationaux dans toutes les \u00e9tapes de la mise sur pied des projets d\u2019investissement\u00a0;<\/p>\n<p>S&#8217;agissant des entreprises sollicitant les avantages du r\u00e9gime des zones franches, leurs dossiers sont trait\u00e9s par l&#8217;Office Nationale des Zones Franches Industrielles (ONZFI).<\/p>\n<p>Les d\u00e9lais de traitement des dossiers d&#8217;agr\u00e9ment aux r\u00e9gimes privil\u00e9gi\u00e9s apr\u00e8s leur instruction ne peuvent exc\u00e9der un mois, sauf en cas de rejet. L&#8217;expiration de ce d\u00e9lai vaut l&#8217;octroi d&#8217;office de l&#8217;agr\u00e9ment sollicit\u00e9 par l&#8217;investisseur.<\/p>\n<p>&nbsp;<\/p>\n<\/div>\n","protected":false},"excerpt":{"rendered":"<div class=\"mh-excerpt\"><p>Agence de promotion des investissements Cr\u00e9\u00e9e par D\u00e9cret N\u00b0 2005\/310 du 01 septembre 2005, l\u2019Agence de Promotion des Investissements est un organisme qui assure entre <a class=\"mh-excerpt-more\" href=\"https:\/\/minmidtcm.com\/fr\/supervises\/investment-promotion-agency-api\/\" title=\"Investment Promotion Agency (API)\">[More&#8230;]<\/a><\/p>\n<\/div>","protected":false},"author":1,"featured_media":0,"parent":15,"menu_order":2,"comment_status":"closed","ping_status":"closed","template":"","meta":{"footnotes":""},"class_list":["post-209","page","type-page","status-publish","hentry"],"_links":{"self":[{"href":"https:\/\/minmidtcm.com\/fr\/wp-json\/wp\/v2\/pages\/209"}],"collection":[{"href":"https:\/\/minmidtcm.com\/fr\/wp-json\/wp\/v2\/pages"}],"about":[{"href":"https:\/\/minmidtcm.com\/fr\/wp-json\/wp\/v2\/types\/page"}],"author":[{"embeddable":true,"href":"https:\/\/minmidtcm.com\/fr\/wp-json\/wp\/v2\/users\/1"}],"replies":[{"embeddable":true,"href":"https:\/\/minmidtcm.com\/fr\/wp-json\/wp\/v2\/comments?post=209"}],"version-history":[{"count":1,"href":"https:\/\/minmidtcm.com\/fr\/wp-json\/wp\/v2\/pages\/209\/revisions"}],"predecessor-version":[{"id":210,"href":"https:\/\/minmidtcm.com\/fr\/wp-json\/wp\/v2\/pages\/209\/revisions\/210"}],"up":[{"embeddable":true,"href":"https:\/\/minmidtcm.com\/fr\/wp-json\/wp\/v2\/pages\/15"}],"wp:attachment":[{"href":"https:\/\/minmidtcm.com\/fr\/wp-json\/wp\/v2\/media?parent=209"}],"curies":[{"name":"wp","href":"https:\/\/api.w.org\/{rel}","templated":true}]}}