{"id":215,"date":"2017-01-22T07:40:26","date_gmt":"2017-01-22T07:40:26","guid":{"rendered":"http:\/\/localhost\/mintmines.gov.cc\/?page_id=215"},"modified":"2017-01-22T07:40:26","modified_gmt":"2017-01-22T07:40:26","slug":"industrial-zones-development-and-management-mission-magzi","status":"publish","type":"page","link":"https:\/\/minmidtcm.com\/fr\/supervises\/industrial-zones-development-and-management-mission-magzi\/","title":{"rendered":"Industrial Zones Development and Management Mission (MAGZI)"},"content":{"rendered":"<div class=\"item-page\">\n<h2>La Mission de D\u00e9veloppement et d\u2019Am\u00e9nagement des Zones Industrielles (MAGZI)<\/h2>\n<ul class=\"actions\">\n<li class=\"print-icon\"><a title=\"Print\" href=\"http:\/\/minmidt-gov.net\/fr\/supervised-organizations\/industrial-zones-development-and-management-mission-magzi.html@tmpl=component&amp;print=1&amp;page=\" rel=\"nofollow\"><img decoding=\"async\" src=\"http:\/\/minmidt-gov.net\/media\/system\/images\/printButton.png\" alt=\"Print\" \/><\/a><\/li>\n<li class=\"email-icon\"><a title=\"Email\" href=\"http:\/\/minmidt-gov.net\/en\/component\/mailto\/@tmpl=component&amp;template=minmidt&amp;link=fd40f08aef45bb6b0e817f1f21e0586f2d9d55e4\"><img decoding=\"async\" src=\"http:\/\/minmidt-gov.net\/media\/system\/images\/emailButton.png\" alt=\"Email\" \/><\/a><\/li>\n<\/ul>\n<p>La Mission de D\u00e9veloppement et d\u2019Am\u00e9nagement des Zones Industrielles (MAGZI) est un \u00e9tablissement public \u00e0 caract\u00e8re industriel et commercial dont l\u2019objectif est de concevoir et de r\u00e9aliser des zones industrielles pour accueillir les Industries.<\/p>\n<p>La MAGZI, organe d&#8217;accueil et de promotion industrielle r\u00e9pond au besoin de mise en \u0153uvre de la politique de d\u00e9veloppement et d&#8217;industrialisation de la R\u00e9publique du Cameroun.<\/p>\n<p><strong>Missions<\/strong><\/p>\n<p>La MAGZI est charg\u00e9e principalement de l&#8217;am\u00e9nagement et de la gestion des zones industrielles sur toute l&#8217;\u00e9tendue de la R\u00e9publique du Cameroun. Elle appuie \u00e9galement l&#8217;Etat dans la mise en \u0153uvre de sa politique de promotion industrielle. Le domaine foncier de la MAGZI s\u2019\u00e9tend sur une superficie totale de 1\u00a0265 hectares comportant huit (08) zones industrielles r\u00e9parties dans sept (07) des dix (10) r\u00e9gions du Cameroun.<\/p>\n<p><strong>Services et produits<\/strong><\/p>\n<p>La MAGZI offre de l\u2019assistance \u00e0 l\u2019obtention des documents administratifs. Elle met \u00e0 la disposition des op\u00e9rateurs \u00e9conomiques sous forme de location\u00a0: des terrains am\u00e9nag\u00e9s\u00a0; des terrains partiellement am\u00e9nag\u00e9s\u00a0; des terrains non am\u00e9nag\u00e9s ; des b\u00e2timents industriels.<\/p>\n<\/div>\n","protected":false},"excerpt":{"rendered":"<div class=\"mh-excerpt\"><p>La Mission de D\u00e9veloppement et d\u2019Am\u00e9nagement des Zones Industrielles (MAGZI) La Mission de D\u00e9veloppement et d\u2019Am\u00e9nagement des Zones Industrielles (MAGZI) est un \u00e9tablissement public \u00e0 <a class=\"mh-excerpt-more\" href=\"https:\/\/minmidtcm.com\/fr\/supervises\/industrial-zones-development-and-management-mission-magzi\/\" title=\"Industrial Zones Development and Management Mission (MAGZI)\">[More&#8230;]<\/a><\/p>\n<\/div>","protected":false},"author":1,"featured_media":0,"parent":15,"menu_order":5,"comment_status":"closed","ping_status":"closed","template":"","meta":{"footnotes":""},"class_list":["post-215","page","type-page","status-publish","hentry"],"_links":{"self":[{"href":"https:\/\/minmidtcm.com\/fr\/wp-json\/wp\/v2\/pages\/215"}],"collection":[{"href":"https:\/\/minmidtcm.com\/fr\/wp-json\/wp\/v2\/pages"}],"about":[{"href":"https:\/\/minmidtcm.com\/fr\/wp-json\/wp\/v2\/types\/page"}],"author":[{"embeddable":true,"href":"https:\/\/minmidtcm.com\/fr\/wp-json\/wp\/v2\/users\/1"}],"replies":[{"embeddable":true,"href":"https:\/\/minmidtcm.com\/fr\/wp-json\/wp\/v2\/comments?post=215"}],"version-history":[{"count":1,"href":"https:\/\/minmidtcm.com\/fr\/wp-json\/wp\/v2\/pages\/215\/revisions"}],"predecessor-version":[{"id":216,"href":"https:\/\/minmidtcm.com\/fr\/wp-json\/wp\/v2\/pages\/215\/revisions\/216"}],"up":[{"embeddable":true,"href":"https:\/\/minmidtcm.com\/fr\/wp-json\/wp\/v2\/pages\/15"}],"wp:attachment":[{"href":"https:\/\/minmidtcm.com\/fr\/wp-json\/wp\/v2\/media?parent=215"}],"curies":[{"name":"wp","href":"https:\/\/api.w.org\/{rel}","templated":true}]}}